{"id":4318,"date":"2023-04-03T10:44:17","date_gmt":"2023-04-03T08:44:17","guid":{"rendered":"https:\/\/campinglabergerie.com\/sea-and-nature\/"},"modified":"2023-06-01T15:42:59","modified_gmt":"2023-06-01T13:42:59","slug":"sea-and-nature","status":"publish","type":"page","link":"https:\/\/campinglabergerie.com\/en\/sea-and-nature\/","title":{"rendered":"Sea and nature"},"content":{"rendered":"\n<h1 class=\"wp-block-heading\">Sea and nature<\/h1>\n\n\n\n<div class=\"wp-block-columns alignwide is-layout-flex wp-container-core-columns-is-layout-28f84493 wp-block-columns-is-layout-flex\">\n<div class=\"wp-block-column is-layout-flow wp-block-column-is-layout-flow\">\n<a href=\"https:\/\/campinglabergerie.com\/en\/sea-and-nature\/beaches-forests\/\" class=\"sev-encart card has-desc\"><span class=\"card-body\"><span class=\"title-card\">Beaches &amp; forest<\/span><span class=\"btn-card text-center\">\n  <button class=\"btn\">Visit<\/button>\n<\/span><\/span><img decoding=\"async\" loading=\"lazy\" src=\"https:\/\/campinglabergerie.com\/wp-content\/uploads\/2023\/04\/P1200098.jpg\" alt=\"beach near the campsite in vend\u00e9e\"><div class=\"card-footer\"><span class=\"desc-card\"><\/span><\/div><\/a>\n<\/div>\n\n\n\n<div class=\"wp-block-column is-layout-flow wp-block-column-is-layout-flow\">\n<a href=\"https:\/\/campinglabergerie.com\/en\/sea-and-nature\/hiking\/\" class=\"sev-encart card has-desc\"><span class=\"card-body\"><span class=\"title-card\">Hiking<\/span><span class=\"btn-card text-center\">\n  <button class=\"btn\">Visit<\/button>\n<\/span><\/span><img decoding=\"async\" loading=\"lazy\" src=\"https:\/\/campinglabergerie.com\/wp-content\/uploads\/2023\/04\/Piste-cyclable-paracou-DSC_5337.jpg\" alt=\"walks near the campsite\"><div class=\"card-footer\"><span class=\"desc-card\"><\/span><\/div><\/a>\n<\/div>\n\n\n\n<div class=\"wp-block-column is-layout-flow wp-block-column-is-layout-flow\">\n<a href=\"https:\/\/campinglabergerie.com\/en\/sea-and-nature\/the-islands\/\" class=\"sev-encart card has-desc\"><span class=\"card-body\"><span class=\"title-card\">The Vend\u00e9e Islands<\/span><span class=\"btn-card text-center\">\n  <button class=\"btn\">Visit<\/button>\n<\/span><\/span><img decoding=\"async\" loading=\"lazy\" src=\"https:\/\/campinglabergerie.com\/wp-content\/uploads\/2023\/04\/ile-noirmoutier-bois-de-la-chaize-pointe.jpg\" alt=\"noirmoutier beach\"><div class=\"card-footer\"><span class=\"desc-card\"><\/span><\/div><\/a>\n<\/div>\n<\/div>\n","protected":false},"excerpt":{"rendered":"<p>Sea and nature<\/p>\n","protected":false},"author":1,"featured_media":0,"parent":0,"menu_order":0,"comment_status":"closed","ping_status":"closed","template":"","meta":{"_seopress_robots_primary_cat":"","_seopress_titles_title":"C\u00f4t\u00e9 met et nature - Discovering Vend\u00e9e","_seopress_titles_desc":"During your stay at camping la Bergerie, don't miss out on the superb sandy beaches and magnificent islands.  ","_seopress_robots_index":"","footnotes":""},"class_list":["post-4318","page","type-page","status-publish","hentry"],"_links":{"self":[{"href":"https:\/\/campinglabergerie.com\/en\/wp-json\/wp\/v2\/pages\/4318","targetHints":{"allow":["GET"]}}],"collection":[{"href":"https:\/\/campinglabergerie.com\/en\/wp-json\/wp\/v2\/pages"}],"about":[{"href":"https:\/\/campinglabergerie.com\/en\/wp-json\/wp\/v2\/types\/page"}],"author":[{"embeddable":true,"href":"https:\/\/campinglabergerie.com\/en\/wp-json\/wp\/v2\/users\/1"}],"replies":[{"embeddable":true,"href":"https:\/\/campinglabergerie.com\/en\/wp-json\/wp\/v2\/comments?post=4318"}],"version-history":[{"count":1,"href":"https:\/\/campinglabergerie.com\/en\/wp-json\/wp\/v2\/pages\/4318\/revisions"}],"predecessor-version":[{"id":4323,"href":"https:\/\/campinglabergerie.com\/en\/wp-json\/wp\/v2\/pages\/4318\/revisions\/4323"}],"wp:attachment":[{"href":"https:\/\/campinglabergerie.com\/en\/wp-json\/wp\/v2\/media?parent=4318"}],"curies":[{"name":"wp","href":"https:\/\/api.w.org\/{rel}","templated":true}]}}